{"id":28,"date":"2022-10-30T14:42:03","date_gmt":"2022-10-30T14:42:03","guid":{"rendered":"https:\/\/thefox.withemes.com\/newspaper\/about\/"},"modified":"2025-08-05T10:46:17","modified_gmt":"2025-08-05T13:46:17","slug":"about","status":"publish","type":"page","link":"https:\/\/news.ivy.com.br\/index.php\/about\/","title":{"rendered":"Termos e Condi\u00e7\u00f5es de Consentimento para Contato"},"content":{"rendered":"\n<p><strong>Ivy Group S\/A<\/strong><\/p>\n\n\n\n<p>Ao aceitar estes Termos e Condi\u00e7\u00f5es, voc\u00ea concorda em permitir que a Ivy Group S\/A, inscrita no CNPJ sob o n\u00ba 41.646.467\/0001-90, entre em contato com voc\u00ea para:<\/p>\n\n\n\n<p>Convites para eventos: Convid\u00e1-lo para eventos organizados ou promovidos pela Ivy Group S\/A.<\/p>\n\n\n\n<p>Ofertas de produtos e servi\u00e7os: Oferecer produtos, servi\u00e7os e solu\u00e7\u00f5es desenvolvidos ou comercializados pela Ivy Group S\/A.<\/p>\n\n\n\n<p>Comunica\u00e7\u00f5es comerciais: Enviar informa\u00e7\u00f5es relacionadas a assuntos comerciais, campanhas promocionais, novidades ou qualquer outro tema relevante \u00e0 rela\u00e7\u00e3o comercial.<\/p>\n\n\n\n<p>Privacidade e Prote\u00e7\u00e3o de Dados<\/p>\n\n\n\n<p>A Ivy Group S\/A compromete-se a garantir a seguran\u00e7a, a integridade e o sigilo de seus dados pessoais, em conformidade com a Lei Geral de Prote\u00e7\u00e3o de Dados (LGPD) \u2013 Lei n\u00ba 13.709\/2018. Assim, os dados fornecidos ser\u00e3o utilizados exclusivamente para os fins acima descritos, com base nos seguintes princ\u00edpios:<\/p>\n\n\n\n<p>Direitos do Titular dos Dados<\/p>\n\n\n\n<p>Voc\u00ea tem direito a qualquer momento de:<\/p>\n\n\n\n<p>Para exercer seus direitos ou obter mais informa\u00e7\u00f5es sobre o tratamento de dados, entre em contato conosco pelo e-mail [email de contato] ou pelo telefone [n\u00famero de telefone].<\/p>\n\n\n\n<p>Dura\u00e7\u00e3o do Consentimento<\/p>\n\n\n\n<p>O consentimento aqui concedido \u00e9 v\u00e1lido enquanto voc\u00ea n\u00e3o solicitar sua revoga\u00e7\u00e3o. Caso deseje revogar o consentimento, entre em contato atrav\u00e9s dos canais acima mencionados. Ap\u00f3s a solicita\u00e7\u00e3o de revoga\u00e7\u00e3o, a Ivy Group S\/A cessar\u00e1 o uso de seus dados pessoais para as finalidades descritas.<\/p>\n\n\n\n<p>Disposi\u00e7\u00f5es Finais<\/p>\n\n\n\n<p>Declaro que li, compreendi e aceito os Termos e Condi\u00e7\u00f5es apresentados acima.<\/p>\n\n\n\n<p><\/p>\n","protected":false},"excerpt":{"rendered":"<p>Ivy Group S\/A Ao aceitar estes Termos e Condi\u00e7\u00f5es, voc\u00ea concorda em permitir que a Ivy Group S\/A, inscrita no CNPJ sob o n\u00ba 41.646.467\/0001-90, entre em contato com voc\u00ea para: Convites para eventos: Convid\u00e1-lo para eventos organizados ou promovidos pela Ivy Group S\/A. Ofertas de produtos e servi\u00e7os: Oferecer produtos, servi\u00e7os e solu\u00e7\u00f5es desenvolvidos ou comercializados pela Ivy Group S\/A. Comunica\u00e7\u00f5es comerciais: Enviar informa\u00e7\u00f5es relacionadas a assuntos comerciais, campanhas promocionais, novidades ou qualquer outro tema relevante \u00e0 rela\u00e7\u00e3o comercial. Privacidade e Prote\u00e7\u00e3o de Dados A Ivy Group S\/A compromete-se a garantir a seguran\u00e7a, a integridade e o sigilo de<\/p>\n","protected":false},"author":1,"featured_media":0,"parent":0,"menu_order":0,"comment_status":"closed","ping_status":"closed","template":"","meta":{"footnotes":""},"class_list":["post-28","page","type-page","status-publish","hentry"],"_links":{"self":[{"href":"https:\/\/news.ivy.com.br\/index.php\/wp-json\/wp\/v2\/pages\/28","targetHints":{"allow":["GET"]}}],"collection":[{"href":"https:\/\/news.ivy.com.br\/index.php\/wp-json\/wp\/v2\/pages"}],"about":[{"href":"https:\/\/news.ivy.com.br\/index.php\/wp-json\/wp\/v2\/types\/page"}],"author":[{"embeddable":true,"href":"https:\/\/news.ivy.com.br\/index.php\/wp-json\/wp\/v2\/users\/1"}],"replies":[{"embeddable":true,"href":"https:\/\/news.ivy.com.br\/index.php\/wp-json\/wp\/v2\/comments?post=28"}],"version-history":[{"count":1,"href":"https:\/\/news.ivy.com.br\/index.php\/wp-json\/wp\/v2\/pages\/28\/revisions"}],"predecessor-version":[{"id":1924,"href":"https:\/\/news.ivy.com.br\/index.php\/wp-json\/wp\/v2\/pages\/28\/revisions\/1924"}],"wp:attachment":[{"href":"https:\/\/news.ivy.com.br\/index.php\/wp-json\/wp\/v2\/media?parent=28"}],"curies":[{"name":"wp","href":"https:\/\/api.w.org\/{rel}","templated":true}]}}